{"id":1986,"date":"2025-11-28T22:45:29","date_gmt":"2025-11-28T21:45:29","guid":{"rendered":"https:\/\/carnetgouache.com\/?page_id=1986"},"modified":"2025-12-07T20:43:26","modified_gmt":"2025-12-07T19:43:26","slug":"pourquoi-la-couleur-nexiste-pas-vraiment","status":"publish","type":"page","link":"https:\/\/carnetgouache.com\/en\/pourquoi-la-couleur-nexiste-pas-vraiment\/","title":{"rendered":"Pourquoi la couleur n\u2019existe pas\u2026 vraiment"},"content":{"rendered":"<div class=\"wpb-content-wrapper\"><p>[vc_row][vc_column width=\u00a0\u00bb2\/3&Prime;][vc_column_text]<\/p>\n<p data-start=\"443\" data-end=\"501\">La couleur n\u2019est jamais une donn\u00e9e stable.<br data-start=\"485\" data-end=\"488\" \/>Elle d\u00e9pend :<\/p>\n<ul data-start=\"503\" data-end=\"643\">\n<li data-start=\"503\" data-end=\"535\">\n<p data-start=\"505\" data-end=\"535\"><strong data-start=\"505\" data-end=\"532\">de la lumi\u00e8re du moment<\/strong>,<\/p>\n<\/li>\n<li data-start=\"536\" data-end=\"573\">\n<p data-start=\"538\" data-end=\"573\"><strong data-start=\"538\" data-end=\"570\">de la surface qui la renvoie<\/strong>,<\/p>\n<\/li>\n<li data-start=\"574\" data-end=\"643\">\n<p data-start=\"576\" data-end=\"643\"><strong data-start=\"576\" data-end=\"643\">et surtout de votre \u0153il\u2026 qui interpr\u00e8te plus qu\u2019il ne restitue.<\/strong><\/p>\n<\/li>\n<\/ul>\n<p data-start=\"645\" data-end=\"967\">C\u2019est pour cela que deux personnes ne d\u00e9crivent jamais exactement les m\u00eames nuances, et que vos peintures peuvent sembler \u201cjustes\u201d ou \u201cfausses\u201d selon l\u2019heure, le lieu ou la lumi\u00e8re.<br data-start=\"826\" data-end=\"829\" \/>Les impressionnistes avaient parfaitement compris ce ph\u00e9nom\u00e8ne : ils ne peignaient pas les objets, mais <strong data-start=\"933\" data-end=\"966\">la lumi\u00e8re qui les transforme<\/strong>.<\/p>\n<p data-start=\"969\" data-end=\"1289\">Claude Monet r\u00e9sumait cela d\u2019une phrase :<br data-start=\"1010\" data-end=\"1013\" \/><strong data-start=\"1013\" data-end=\"1062\">\u00ab Le sujet n\u2019est rien, la lumi\u00e8re est tout. \u00bb<\/strong><br data-start=\"1062\" data-end=\"1065\" \/>S\u2019il a peint trente fois la cath\u00e9drale de Rouen, ce n\u2019est pas pour changer de sujet, mais parce que <strong data-start=\"1165\" data-end=\"1223\">chaque lumi\u00e8re cr\u00e9ait une palette enti\u00e8rement nouvelle<\/strong>.<br data-start=\"1224\" data-end=\"1227\" \/>La couleur n\u2019\u00e9tait pas un fait : c\u2019\u00e9tait une <strong data-start=\"1272\" data-end=\"1288\">circonstance<\/strong>.<\/p>\n<p data-start=\"1291\" data-end=\"1314\">Entrons dans le d\u00e9tail.<\/p>\n<hr data-start=\"1316\" data-end=\"1319\" \/>\n<h2 data-start=\"1321\" data-end=\"1372\"><strong data-start=\"1324\" data-end=\"1372\">1) La couleur d\u00e9pend de la lumi\u00e8re du moment<\/strong><\/h2>\n<p data-start=\"1374\" data-end=\"1483\">Ce que vous appelez \u201crouge\u201d, \u201cvert\u201d ou \u201cbleu\u201d n\u2019existe que <strong data-start=\"1433\" data-end=\"1461\">dans une lumi\u00e8re pr\u00e9cise<\/strong>, \u00e0 un instant pr\u00e9cis.<\/p>\n<p data-start=\"1485\" data-end=\"1500\">Un objet sous :<\/p>\n<ul data-start=\"1502\" data-end=\"1832\">\n<li data-start=\"1502\" data-end=\"1579\">\n<p data-start=\"1504\" data-end=\"1579\"><strong data-start=\"1504\" data-end=\"1520\">soleil franc<\/strong> \u2192 couleurs plus chaudes, plus satur\u00e9es, contrastes forts<\/p>\n<\/li>\n<li data-start=\"1580\" data-end=\"1660\">\n<p data-start=\"1582\" data-end=\"1660\"><strong data-start=\"1582\" data-end=\"1598\">ciel couvert<\/strong> \u2192 couleurs plus froides, moins satur\u00e9es, valeurs resserr\u00e9es<\/p>\n<\/li>\n<li data-start=\"1661\" data-end=\"1718\">\n<p data-start=\"1663\" data-end=\"1718\"><strong data-start=\"1663\" data-end=\"1682\">lumi\u00e8re du soir<\/strong> \u2192 tout bascule vers l\u2019orang\u00e9-rose<\/p>\n<\/li>\n<li data-start=\"1719\" data-end=\"1776\">\n<p data-start=\"1721\" data-end=\"1776\"><strong data-start=\"1721\" data-end=\"1730\">ombre<\/strong> \u2192 temp\u00e9rature froide et valeurs plus basses<\/p>\n<\/li>\n<li data-start=\"1777\" data-end=\"1832\">\n<p data-start=\"1779\" data-end=\"1832\"><strong data-start=\"1779\" data-end=\"1798\">lumi\u00e8re diffuse<\/strong> \u2192 les contrastes s\u2019\u00e9vanouissent<\/p>\n<\/li>\n<\/ul>\n<p data-start=\"1834\" data-end=\"1869\">Un m\u00eame mur blanc peut para\u00eetre :<\/p>\n<ul data-start=\"1870\" data-end=\"1981\">\n<li data-start=\"1870\" data-end=\"1900\">\n<p data-start=\"1872\" data-end=\"1900\">l\u00e9g\u00e8rement jaune le matin,<\/p>\n<\/li>\n<li data-start=\"1901\" data-end=\"1917\">\n<p data-start=\"1903\" data-end=\"1917\">bleu \u00e0 midi,<\/p>\n<\/li>\n<li data-start=\"1918\" data-end=\"1949\">\n<p data-start=\"1920\" data-end=\"1949\">p\u00eache au coucher du soleil,<\/p>\n<\/li>\n<li data-start=\"1950\" data-end=\"1981\">\n<p data-start=\"1952\" data-end=\"1981\">gris froid par temps couvert.<\/p>\n<\/li>\n<\/ul>\n<p data-start=\"1983\" data-end=\"2077\">Les impressionnistes peignaient justement <strong data-start=\"2025\" data-end=\"2044\">cette variation<\/strong>, pas la couleur \u201cr\u00e9elle\u201d du mur.<\/p>\n<p data-start=\"2079\" data-end=\"2140\">\ud83d\udc49 <strong data-start=\"2082\" data-end=\"2140\">La lumi\u00e8re ne montre jamais deux fois la m\u00eame couleur.<\/strong><\/p>\n<hr data-start=\"2142\" data-end=\"2145\" \/>\n<h2 data-start=\"2147\" data-end=\"2203\"><strong data-start=\"2150\" data-end=\"2203\">2) La couleur d\u00e9pend de la surface qui la renvoie<\/strong><\/h2>\n<p data-start=\"2205\" data-end=\"2277\">Deux surfaces identiques en lumi\u00e8re ne renvoient pas les m\u00eames couleurs.<\/p>\n<ul data-start=\"2279\" data-end=\"2560\">\n<li data-start=\"2279\" data-end=\"2356\">\n<p data-start=\"2281\" data-end=\"2356\">Une surface <strong data-start=\"2293\" data-end=\"2302\">lisse<\/strong> renvoie une lumi\u00e8re plus directe et plus brillante.<\/p>\n<\/li>\n<li data-start=\"2357\" data-end=\"2425\">\n<p data-start=\"2359\" data-end=\"2425\">Une surface <strong data-start=\"2371\" data-end=\"2380\">matte<\/strong> diffuse la lumi\u00e8re et adoucit les teintes.<\/p>\n<\/li>\n<li data-start=\"2426\" data-end=\"2490\">\n<p data-start=\"2428\" data-end=\"2490\">Une surface <strong data-start=\"2440\" data-end=\"2452\">rugueuse<\/strong> accroche les ombres dans ses creux.<\/p>\n<\/li>\n<li data-start=\"2491\" data-end=\"2560\">\n<p data-start=\"2493\" data-end=\"2560\">Une surface <strong data-start=\"2505\" data-end=\"2527\">satur\u00e9e de couleur<\/strong> influence tout ce qui l\u2019entoure.<\/p>\n<\/li>\n<\/ul>\n<p data-start=\"2562\" data-end=\"2637\">Exemple simple :<br data-start=\"2578\" data-end=\"2581\" \/>un tronc d\u2019arbre n\u2019est jamais \u201cmarron\u201d.<br data-start=\"2620\" data-end=\"2623\" \/>Il renvoie :<\/p>\n<ul data-start=\"2638\" data-end=\"2779\">\n<li data-start=\"2638\" data-end=\"2680\">\n<p data-start=\"2640\" data-end=\"2680\">du vert (r\u00e9flexions de la v\u00e9g\u00e9tation),<\/p>\n<\/li>\n<li data-start=\"2681\" data-end=\"2710\">\n<p data-start=\"2683\" data-end=\"2710\">du bleu (reflet du ciel),<\/p>\n<\/li>\n<li data-start=\"2711\" data-end=\"2749\">\n<p data-start=\"2713\" data-end=\"2749\">du brun chaud (propre \u00e0 l\u2019\u00e9corce),<\/p>\n<\/li>\n<li data-start=\"2750\" data-end=\"2779\">\n<p data-start=\"2752\" data-end=\"2779\">du violet (ombres froides).<\/p>\n<\/li>\n<\/ul>\n<p data-start=\"2781\" data-end=\"3009\">Les peintres comprennent cela imm\u00e9diatement en plein air, mais c\u2019est encore plus visible dans un int\u00e9rieur :<br data-start=\"2889\" data-end=\"2892\" \/>une surface blanche pr\u00e8s d\u2019une nappe rouge semblera ros\u00e9e.<br data-start=\"2950\" data-end=\"2953\" \/>Une veste noire proche d\u2019un mur jaune semblera brun\u00e2tre.<\/p>\n<p data-start=\"3011\" data-end=\"3106\">Les impressionnistes exag\u00e9raient parfois ces reflets <strong data-start=\"3064\" data-end=\"3105\">pour renforcer la coh\u00e9rence lumineuse<\/strong>.<\/p>\n<p data-start=\"3108\" data-end=\"3221\">\ud83d\udc49 Une surface <strong data-start=\"3123\" data-end=\"3156\">ne vous dit jamais sa couleur<\/strong>, elle vous dit comment elle <strong data-start=\"3185\" data-end=\"3220\">renvoie la lumi\u00e8re environnante<\/strong>.<\/p>\n<hr data-start=\"3223\" data-end=\"3226\" \/>\n<h2 data-start=\"3228\" data-end=\"3307\"><strong data-start=\"3231\" data-end=\"3307\">3) La couleur d\u00e9pend de votre \u0153il\u2026 qui interpr\u00e8te plus qu\u2019il ne restitue<\/strong><\/h2>\n<p data-start=\"3309\" data-end=\"3484\">Le cerveau ajuste en permanence ce que vous voyez.<br data-start=\"3359\" data-end=\"3362\" \/>Il corrige les contrastes, compense les temp\u00e9ratures, et fabrique une \u201ccoh\u00e9rence\u201d chromatique qui n\u2019existe pas r\u00e9ellement.<\/p>\n<p data-start=\"3486\" data-end=\"3506\">Exemples frappants :<\/p>\n<h3 data-start=\"3508\" data-end=\"3554\"><strong data-start=\"3512\" data-end=\"3554\">A. Votre \u0153il neutralise les dominantes<\/strong><\/h3>\n<p data-start=\"3555\" data-end=\"3688\">Dans une pi\u00e8ce \u00e9clair\u00e9e par une ampoule chaude,<br data-start=\"3602\" data-end=\"3605\" \/>tout est jaune-orang\u00e9.<br data-start=\"3627\" data-end=\"3630\" \/>Vous ne le voyez presque pas.<br data-start=\"3659\" data-end=\"3662\" \/>Votre cerveau <strong data-start=\"3676\" data-end=\"3687\">corrige<\/strong>.<\/p>\n<h3 data-start=\"3690\" data-end=\"3735\"><strong data-start=\"3694\" data-end=\"3735\">B. Votre \u0153il amplifie les oppositions<\/strong><\/h3>\n<p data-start=\"3736\" data-end=\"3897\">Posez un gris pr\u00e8s d\u2019un vert vif :<br data-start=\"3770\" data-end=\"3773\" \/>le gris vous semblera ros\u00e9.<br data-start=\"3800\" data-end=\"3803\" \/>Pourquoi ?<br data-start=\"3813\" data-end=\"3816\" \/>Parce que votre \u0153il compense la dominance du vert en inventant sa compl\u00e9mentaire.<\/p>\n<p data-start=\"3899\" data-end=\"3957\">C\u2019est exactement ce que les impressionnistes exploitaient.<\/p>\n<h3 data-start=\"3959\" data-end=\"4001\"><strong data-start=\"3963\" data-end=\"4001\">C. Votre \u0153il \u201cblanchit\u201d la lumi\u00e8re<\/strong><\/h3>\n<p data-start=\"4002\" data-end=\"4181\">Un mur en plein soleil est souvent beaucoup plus satur\u00e9 que ce que vous pensez.<br data-start=\"4081\" data-end=\"4084\" \/>Vous le peignez trop p\u00e2le parce que votre cerveau <strong data-start=\"4134\" data-end=\"4145\">att\u00e9nue<\/strong> l\u2019\u00e9blouissement pour vous prot\u00e9ger.<\/p>\n<h3 data-start=\"4183\" data-end=\"4237\"><strong data-start=\"4187\" data-end=\"4237\">D. Votre \u0153il perd la pr\u00e9cision sur les valeurs<\/strong><\/h3>\n<p data-start=\"4238\" data-end=\"4386\">\u00c0 contre-jour, vous voyez quand m\u00eame les d\u00e9tails d\u2019un arbre qui devraient \u00eatre dans l\u2019ombre noire totale.<br data-start=\"4343\" data-end=\"4346\" \/>Votre \u0153il \u201crattrape\u201d tout ce qu\u2019il peut.<\/p>\n<p data-start=\"4388\" data-end=\"4509\">Les impressionnistes ont compris cette astuce biologique :<br data-start=\"4446\" data-end=\"4449\" \/>ils peignaient <strong data-start=\"4464\" data-end=\"4480\">la sensation<\/strong>, pas l\u2019exactitude technique.<\/p>\n<p data-start=\"4511\" data-end=\"4578\">\ud83d\udc49 <strong data-start=\"4514\" data-end=\"4578\">Votre \u0153il n\u2019est pas un appareil photo : c\u2019est un interpr\u00e8te.<\/strong><\/p>\n<hr data-start=\"4580\" data-end=\"4583\" \/>\n<h3 data-start=\"4585\" data-end=\"4656\"><strong data-start=\"4587\" data-end=\"4656\">En somme : la couleur n\u2019est pas une donn\u00e9e, c\u2019est un ph\u00e9nom\u00e8ne<\/strong><\/h3>\n<p data-start=\"4658\" data-end=\"4682\">La couleur varie selon : la lumi\u00e8re, la surface et l\u2019interpr\u00e9tation de votre \u0153il.<\/p>\n<p data-start=\"4750\" data-end=\"4940\">Les impressionnistes l\u2019ont accept\u00e9 et utilis\u00e9 comme une force.<br data-start=\"4812\" data-end=\"4815\" \/>C\u2019est ce qui donne \u00e0 leurs toiles cette <strong data-start=\"4855\" data-end=\"4876\">vibration vivante<\/strong> impossible \u00e0 atteindre si l\u2019on cherche une couleur \u201cobjective\u201d.<\/p>\n<p data-start=\"4942\" data-end=\"5008\">La peinture n\u2019est pas une reproduction : c\u2019est <strong data-start=\"4989\" data-end=\"5007\">une traduction<\/strong>.<\/p>\n<p>[\/vc_column_text][vc_column_text]<\/p>\n<p class=\"p1\"><span class=\"s1\">Vous croyez voir un \u201cvert\u201d, mais vous voyez en r\u00e9alit\u00e9 <b>une correction mentale<\/b>.<br \/>\nC\u2019est pour cette raison que les impressionnistes ne \u201cpeignaient pas les objets\u201d, mais <b>la lumi\u00e8re qui tombe dessus<\/b>.<\/span><\/p>\n<p>[\/vc_column_text][\/vc_column][vc_column width=\u00a0\u00bb1\/3&Prime;][vc_gallery interval=\u00a0\u00bb3&Prime; images=\u00a0\u00bb1994,1993,1992&Prime;][vc_column_text]<\/p>\n<p class=\"p1\"><span class=\"s1\">Claude Monet r\u00e9sumait cela d\u2019une phrase :<br \/>\n<b>\u00ab Le sujet n\u2019est rien, la lumi\u00e8re est tout. \u00bb<\/b><b><\/b><\/span><\/p>\n<p class=\"p1\"><span class=\"s1\">Il pouvait peindre trente fois la cath\u00e9drale de Rouen parce que chaque lumi\u00e8re cr\u00e9ait un <b>monde chromatique diff\u00e9rent<\/b>.<br \/>\nLa couleur n\u2019\u00e9tait pas un fait : c\u2019\u00e9tait une circonstance.<\/span><\/p>\n<p>[\/vc_column_text][\/vc_column][\/vc_row]<\/p>\n<\/div>","protected":false},"excerpt":{"rendered":"<p>[vc_row][vc_column width=\u00a0\u00bb2\/3&Prime;][vc_column_text] La couleur n\u2019est jamais une donn\u00e9e stable.Elle d\u00e9pend : de la lumi\u00e8re du moment, de la surface qui la renvoie, et surtout de votre \u0153il\u2026 qui interpr\u00e8te plus qu\u2019il ne restitue. C\u2019est pour cela que deux personnes ne d\u00e9crivent jamais exactement les m\u00eames nuances, et que vos peintures peuvent sembler \u201cjustes\u201d ou \u201cfausses\u201d &#8230;<a class=\"r_more_blog\" href=\"https:\/\/carnetgouache.com\/en\/pourquoi-la-couleur-nexiste-pas-vraiment\/#more-1986\"><i class=\"fa fa-sign-in\"><\/i> read more<\/a><\/p>","protected":false},"author":1,"featured_media":0,"parent":0,"menu_order":0,"comment_status":"closed","ping_status":"closed","template":"","meta":{"footnotes":""},"categories":[50],"class_list":["post-1986","page","type-page","status-publish","hentry","category-couleur"],"_links":{"self":[{"href":"https:\/\/carnetgouache.com\/en\/wp-json\/wp\/v2\/pages\/1986","targetHints":{"allow":["GET"]}}],"collection":[{"href":"https:\/\/carnetgouache.com\/en\/wp-json\/wp\/v2\/pages"}],"about":[{"href":"https:\/\/carnetgouache.com\/en\/wp-json\/wp\/v2\/types\/page"}],"author":[{"embeddable":true,"href":"https:\/\/carnetgouache.com\/en\/wp-json\/wp\/v2\/users\/1"}],"replies":[{"embeddable":true,"href":"https:\/\/carnetgouache.com\/en\/wp-json\/wp\/v2\/comments?post=1986"}],"version-history":[{"count":9,"href":"https:\/\/carnetgouache.com\/en\/wp-json\/wp\/v2\/pages\/1986\/revisions"}],"predecessor-version":[{"id":2020,"href":"https:\/\/carnetgouache.com\/en\/wp-json\/wp\/v2\/pages\/1986\/revisions\/2020"}],"wp:attachment":[{"href":"https:\/\/carnetgouache.com\/en\/wp-json\/wp\/v2\/media?parent=1986"}],"wp:term":[{"taxonomy":"category","embeddable":true,"href":"https:\/\/carnetgouache.com\/en\/wp-json\/wp\/v2\/categories?post=1986"}],"curies":[{"name":"wp","href":"https:\/\/api.w.org\/{rel}","templated":true}]}}