{"id":2074,"date":"2025-12-15T23:54:43","date_gmt":"2025-12-15T22:54:43","guid":{"rendered":"https:\/\/carnetgouache.com\/?page_id=2074"},"modified":"2025-12-15T23:55:21","modified_gmt":"2025-12-15T22:55:21","slug":"les-impressionnistes-et-les-couleurs-complementaires","status":"publish","type":"page","link":"https:\/\/carnetgouache.com\/en\/les-impressionnistes-et-les-couleurs-complementaires\/","title":{"rendered":"Les impressionnistes et les couleurs compl\u00e9mentaires"},"content":{"rendered":"<div class=\"wpb-content-wrapper\"><p>[vc_row][vc_column width=\u00a0\u00bb2\/3&Prime;][vc_column_text]<\/p>\n<h1>Les impressionnistes et les couleurs compl\u00e9mentaires<\/h1>\n<p>[\/vc_column_text][vc_column_text]Les impressionnistes ne peignaient pas pour appliquer une th\u00e9orie.\u2028Ils se m\u00e9fiaient des syst\u00e8mes ferm\u00e9s et faisaient confiance \u00e0 l\u2019\u0153il et \u00e0 l\u2019exp\u00e9rience directe.\u2028Si les couleurs compl\u00e9mentaires reviennent si souvent dans leurs tableaux, ce n\u2019est pas par dogme acad\u00e9mique.\u2028C\u2019est parce que leur effet est imm\u00e9diat et v\u00e9rifiable.\u2028La compl\u00e9mentaire n\u2019est pas une r\u00e8gle savante.\u2028C\u2019est un outil pratique.\u2028Elle agit comme un acc\u00e9l\u00e9rateur de lumi\u00e8re.\u2028Les impressionnistes avaient compris que la lumi\u00e8re ne se renforce pas par accumulation de pigments.\u2028Elle se renforce par opposition ma\u00eetris\u00e9e.\u2028La compl\u00e9mentaire sert \u00e0 maintenir la tension visuelle.\u2028Elle emp\u00eache une couleur dominante de s\u2019\u00e9craser.\u2028C\u2019est cette logique qui structure leur usage de la couleur.[\/vc_column_text][vc_separator][vc_column_text]<\/p>\n<h3>Opposition plut\u00f4t que m\u00e9lange<\/h3>\n<p>[\/vc_column_text][vc_column_text]Les impressionnistes \u00e9vitent le m\u00e9lange syst\u00e9matique des couleurs compl\u00e9mentaires sur la palette.\u2028M\u00e9lang\u00e9es, ces couleurs produisent un gris souvent terne.\u2028Juxtapos\u00e9es sur la toile, elles cr\u00e9ent une vibration optique.\u2028Cette vibration est interpr\u00e9t\u00e9e par l\u2019\u0153il comme de la lumi\u00e8re.\u2028La compl\u00e9mentaire n\u2019est donc pas d\u00e9corative.\u2028Elle joue un r\u00f4le fonctionnel.\u2028Elle emp\u00eache la couleur dominante de devenir opaque ou lourde.\u2028Elle maintient l\u2019\u00e9clat sans recourir \u00e0 des tons artificiellement purs.[\/vc_column_text][vc_separator][vc_column_text]<\/p>\n<h3>Monet et Renoir : faire vibrer la surface<\/h3>\n<p>[\/vc_column_text][vc_gallery interval=\u00a0\u00bb3&Prime; images=\u00a0\u00bb2075,2076&Prime;][vc_column_text]Dans La Pie de Monet, la neige n\u2019est jamais un blanc neutre.\u2028Le soleil hivernal para\u00eet plus intense parce qu\u2019un jaune citron affronte des violets froids dans les ombres.\u2028La lumi\u00e8re na\u00eet de la tension entre ces couleurs.\u2028Chez Renoir, dans Le D\u00e9jeuner des canotiers, les carnations sont soutenues par des verts tr\u00e8s froids plac\u00e9s pr\u00e8s des rouges orang\u00e9s.\u2028Ces verts ne salissent pas la peau.\u2028Ils emp\u00eachent le rouge de s\u2019\u00e9paissir.\u2028La sensation de chair vivante est maintenue par cette opposition discr\u00e8te.\u2028Dans les deux cas, la compl\u00e9mentaire agit sans se rendre spectaculaire.[\/vc_column_text][vc_separator][vc_column_text]<\/p>\n<h3>Pissarro et Sisley : maintenir l\u2019atmosph\u00e8re<\/h3>\n<p>[\/vc_column_text][vc_gallery interval=\u00a0\u00bb3&Prime; images=\u00a0\u00bb2077,2078&Prime;][vc_column_text]Dans Gel\u00e9e blanche \u00e0 \u00c9ragny, Pissarro ne repr\u00e9sente pas une neige d\u00e9corative.\u2028La gel\u00e9e est un givre perceptible par la temp\u00e9rature des couleurs.\u2028Les bleus et mauves des ombres s\u2019opposent aux jaunes p\u00e2les du ciel.\u2028Le froid est ressenti sans recours \u00e0 un blanc \u00e9clatant.\u2028Chez Sisley, dans les versions du Pont de Moret-sur-Loing peintes \u00e0 la fin des ann\u00e9es 1880, les ciels bleus froids restent respirables gr\u00e2ce \u00e0 des touches orang\u00e9es et ocre ros\u00e9.\u2028Ces touches sont pr\u00e9sentes dans les berges, la ma\u00e7onnerie ou les reflets.\u2028L\u2019orange n\u2019est jamais frontal.\u2028Il emp\u00eache simplement le bleu de s\u2019aplatir.[\/vc_column_text][vc_empty_space][vc_column_text css=\u00a0\u00bb.vc_custom_1764931849484{border-top-width: 1px !important;border-right-width: 1px !important;border-bottom-width: 1px !important;border-left-width: 1px !important;padding-top: 10px !important;padding-right: 10px !important;padding-bottom: 10px !important;padding-left: 10px !important;border-left-color: #dbdbdb !important;border-left-style: solid !important;border-right-color: #dbdbdb !important;border-right-style: solid !important;border-top-color: #dbdbdb !important;border-top-style: solid !important;border-bottom-color: #dbdbdb !important;border-bottom-style: solid !important;border-radius: 10px !important;}\u00a0\u00bb]<span style=\"color: #808080;\"><em>La couleur compl\u00e9mentaire ne sert pas \u00e0 embellir la peinture, mais \u00e0 emp\u00eacher la lumi\u00e8re de s\u2019\u00e9teindre.<\/em><\/span>[\/vc_column_text][\/vc_column][vc_column width=\u00a0\u00bb1\/3&Prime;][vc_single_image image=\u00a0\u00bb2081&Prime; add_caption=\u00a0\u00bbyes\u00a0\u00bb][vc_column_text]La compl\u00e9mentaire n\u2019a pas besoin d\u2019\u00eatre visible pour agir.\u2028Une touche suffit parfois \u00e0 maintenir la tension chromatique.\u2028Ce n\u2019est pas le contraste spectaculaire qui compte.\u2028C\u2019est la vibration globale de la surface.\u2028Observer l\u2019effet avant la th\u00e9orie reste la meilleure m\u00e9thode.[\/vc_column_text][\/vc_column][\/vc_row][vc_row][vc_column][vc_column_text]<div class=\"cg-promo-block\" style=\"        border: 1px solid #ddd;        padding: 20px;        margin-top: 40px;        background: #fafafa;        border-radius: 8px;    \"><div class=\"wpb-content-wrapper\"><p>[vc_row][vc_column][vc_cta h2=\u00a0\u00bbEnvie de comprendre vraiment vos m\u00e9langes ? \u00a0\u00bb h4=\u00a0\u00bbAllez jeter un \u0153il au simulateur : simulateur-de-melange-de-couleurs. \u00c7a vous \u00e9vitera quelques rat\u00e9s\u2026 et pas mal de g\u00e2chis de gouache.\u00a0\u00bb][\/vc_cta][vc_btn title=\u00a0\u00bbSimulateur de m\u00e9lange de couleurs\u00a0\u00bb color=\u00a0\u00bbprimary\u00a0\u00bb i_icon_fontawesome=\u00a0\u00bbfab fa-slack\u00a0\u00bb add_icon=\u00a0\u00bbtrue\u00a0\u00bb link=\u00a0\u00bburl:https%3A%2F%2Fcarnetgouache.com%2Fsimulateur-de-melange-de-couleurs%2F|title:Simulateur%20de%20m%C3%A9lange%20de%20couleurs\u00a0\u00bb][\/vc_column][\/vc_row]<\/p>\n<\/div><\/div>[\/vc_column_text][\/vc_column][\/vc_row]<\/p>\n<\/div>","protected":false},"excerpt":{"rendered":"<p>[vc_row][vc_column width=\u00a0\u00bb2\/3&Prime;][vc_column_text] Les impressionnistes et les couleurs compl\u00e9mentaires [\/vc_column_text][vc_column_text]Les impressionnistes ne peignaient pas pour appliquer une th\u00e9orie.\u2028Ils se m\u00e9fiaient des syst\u00e8mes ferm\u00e9s et faisaient confiance \u00e0 l\u2019\u0153il et \u00e0 l\u2019exp\u00e9rience directe.\u2028Si les couleurs compl\u00e9mentaires reviennent si souvent dans leurs tableaux, ce n\u2019est pas par dogme acad\u00e9mique.\u2028C\u2019est parce que leur effet est imm\u00e9diat et v\u00e9rifiable.\u2028La compl\u00e9mentaire &#8230;<a class=\"r_more_blog\" href=\"https:\/\/carnetgouache.com\/en\/les-impressionnistes-et-les-couleurs-complementaires\/#more-2074\"><i class=\"fa fa-sign-in\"><\/i> read more<\/a><\/p>","protected":false},"author":1,"featured_media":0,"parent":0,"menu_order":0,"comment_status":"closed","ping_status":"closed","template":"","meta":{"footnotes":""},"categories":[50],"class_list":["post-2074","page","type-page","status-publish","hentry","category-couleur"],"_links":{"self":[{"href":"https:\/\/carnetgouache.com\/en\/wp-json\/wp\/v2\/pages\/2074","targetHints":{"allow":["GET"]}}],"collection":[{"href":"https:\/\/carnetgouache.com\/en\/wp-json\/wp\/v2\/pages"}],"about":[{"href":"https:\/\/carnetgouache.com\/en\/wp-json\/wp\/v2\/types\/page"}],"author":[{"embeddable":true,"href":"https:\/\/carnetgouache.com\/en\/wp-json\/wp\/v2\/users\/1"}],"replies":[{"embeddable":true,"href":"https:\/\/carnetgouache.com\/en\/wp-json\/wp\/v2\/comments?post=2074"}],"version-history":[{"count":3,"href":"https:\/\/carnetgouache.com\/en\/wp-json\/wp\/v2\/pages\/2074\/revisions"}],"predecessor-version":[{"id":2082,"href":"https:\/\/carnetgouache.com\/en\/wp-json\/wp\/v2\/pages\/2074\/revisions\/2082"}],"wp:attachment":[{"href":"https:\/\/carnetgouache.com\/en\/wp-json\/wp\/v2\/media?parent=2074"}],"wp:term":[{"taxonomy":"category","embeddable":true,"href":"https:\/\/carnetgouache.com\/en\/wp-json\/wp\/v2\/categories?post=2074"}],"curies":[{"name":"wp","href":"https:\/\/api.w.org\/{rel}","templated":true}]}}