{"id":2100,"date":"2026-01-08T18:30:43","date_gmt":"2026-01-08T17:30:43","guid":{"rendered":"https:\/\/carnetgouache.com\/?page_id=2100"},"modified":"2026-02-18T11:45:52","modified_gmt":"2026-02-18T10:45:52","slug":"le-portrait-de-peintre-decouvrez-votre-profil-artistique","status":"publish","type":"page","link":"https:\/\/carnetgouache.com\/en\/le-portrait-de-peintre-decouvrez-votre-profil-artistique\/","title":{"rendered":"Le Portrait de Peintre \u2013 D\u00e9couvrez votre profil artistique"},"content":{"rendered":"<div class=\"wpb-content-wrapper\"><p>[vc_row][vc_column][vc_column_text]<\/p>\n<h4>Un questionnaire s\u00e9rieux et bienveillant con\u00e7u pour aider les peintres amateurs \u00e0 mieux comprendre leur fa\u00e7on de cr\u00e9er, leurs forces, leurs envies et leurs pistes de progression.<\/h4>\n<p>[\/vc_column_text][vc_raw_html]JTVCY2dfcXVpeiU1RA==[\/vc_raw_html][vc_raw_html]JTVCY2dfcmF0aW5nX3N1bW1hcnklNUQ=[\/vc_raw_html][vc_column_text]<\/p>\n<h4 data-start=\"4254\" data-end=\"4286\"><strong data-start=\"4254\" data-end=\"4286\">Pourquoi ce quiz est s\u00e9rieux<\/strong><\/h4>\n<p data-start=\"4293\" data-end=\"4543\">Il ne s\u2019agit pas d\u2019un gadget marketing.<br data-start=\"4332\" data-end=\"4335\" \/>Ce questionnaire a \u00e9t\u00e9 con\u00e7u \u00e0 partir de plusieurs ann\u00e9es d\u2019observation de peintres amateurs, d\u2019exp\u00e9rience p\u00e9dagogique, et de principes reconnus en psychologie de la motivation et en p\u00e9dagogie artistique.<\/p>\n<p data-start=\"4550\" data-end=\"4716\">Les questions permettent d\u2019identifier des tendances : votre rapport \u00e0 la couleur, \u00e0 la prise de risque, au plaisir de peindre, \u00e0 l\u2019exigence, \u00e0 la recherche de sens\u2026<br \/>\nLes r\u00e9ponses sont ensuite crois\u00e9es dans un \u201csyst\u00e8me expert\u201d qui aboutit \u00e0 un profil coh\u00e9rent.<br \/>\n<br data-start=\"4816\" data-end=\"4819\" \/><span style=\"color: #000000;\"><strong>Ce profil n\u2019est pas un diagnostic psychologique<\/strong>,<\/span><br \/>\nmais un outil d\u2019orientation artistique : il vous aide \u00e0 mieux comprendre votre fa\u00e7on de peindre, vos forces, vos blocages possibles et les pistes pour progresser avec plaisir et s\u00e9r\u00e9nit\u00e9.<\/p>\n<p>[\/vc_column_text][\/vc_column][\/vc_row]<\/p>\n<\/div>","protected":false},"excerpt":{"rendered":"<p>[vc_row][vc_column][vc_column_text] Un questionnaire s\u00e9rieux et bienveillant con\u00e7u pour aider les peintres amateurs \u00e0 mieux comprendre leur fa\u00e7on de cr\u00e9er, leurs forces, leurs envies et leurs pistes de progression. [\/vc_column_text][vc_raw_html]JTVCY2dfcXVpeiU1RA==[\/vc_raw_html][vc_raw_html]JTVCY2dfcmF0aW5nX3N1bW1hcnklNUQ=[\/vc_raw_html][vc_column_text] Pourquoi ce quiz est s\u00e9rieux Il ne s\u2019agit pas d\u2019un gadget marketing.Ce questionnaire a \u00e9t\u00e9 con\u00e7u \u00e0 partir de plusieurs ann\u00e9es d\u2019observation de peintres amateurs, d\u2019exp\u00e9rience &#8230;<a class=\"r_more_blog\" href=\"https:\/\/carnetgouache.com\/en\/le-portrait-de-peintre-decouvrez-votre-profil-artistique\/#more-2100\"><i class=\"fa fa-sign-in\"><\/i> read more<\/a><\/p>","protected":false},"author":1,"featured_media":0,"parent":0,"menu_order":0,"comment_status":"closed","ping_status":"closed","template":"","meta":{"footnotes":""},"categories":[],"class_list":["post-2100","page","type-page","status-publish","hentry"],"_links":{"self":[{"href":"https:\/\/carnetgouache.com\/en\/wp-json\/wp\/v2\/pages\/2100","targetHints":{"allow":["GET"]}}],"collection":[{"href":"https:\/\/carnetgouache.com\/en\/wp-json\/wp\/v2\/pages"}],"about":[{"href":"https:\/\/carnetgouache.com\/en\/wp-json\/wp\/v2\/types\/page"}],"author":[{"embeddable":true,"href":"https:\/\/carnetgouache.com\/en\/wp-json\/wp\/v2\/users\/1"}],"replies":[{"embeddable":true,"href":"https:\/\/carnetgouache.com\/en\/wp-json\/wp\/v2\/comments?post=2100"}],"version-history":[{"count":17,"href":"https:\/\/carnetgouache.com\/en\/wp-json\/wp\/v2\/pages\/2100\/revisions"}],"predecessor-version":[{"id":2132,"href":"https:\/\/carnetgouache.com\/en\/wp-json\/wp\/v2\/pages\/2100\/revisions\/2132"}],"wp:attachment":[{"href":"https:\/\/carnetgouache.com\/en\/wp-json\/wp\/v2\/media?parent=2100"}],"wp:term":[{"taxonomy":"category","embeddable":true,"href":"https:\/\/carnetgouache.com\/en\/wp-json\/wp\/v2\/categories?post=2100"}],"curies":[{"name":"wp","href":"https:\/\/api.w.org\/{rel}","templated":true}]}}