{"id":2127,"date":"2026-02-14T18:12:13","date_gmt":"2026-02-14T17:12:13","guid":{"rendered":"https:\/\/carnetgouache.com\/?page_id=2127"},"modified":"2026-02-18T11:45:58","modified_gmt":"2026-02-18T10:45:58","slug":"et-maintenant","status":"publish","type":"page","link":"https:\/\/carnetgouache.com\/en\/et-maintenant\/","title":{"rendered":"et-maintenant"},"content":{"rendered":"<div class=\"wpb-content-wrapper\"><p>[vc_row][vc_column][vc_column_text]<\/p>\n<h2>Ce test vous ressemble-t-il ?<\/h2>\n<p>Une note honn\u00eate, m\u00eame critique, nous aide vraiment.[\/vc_column_text][vc_raw_html]JTVCY2dfcmF0aW5nX2Zvcm0lNUQ=[\/vc_raw_html][vc_separator][vc_column_text]<\/p>\n<h1>Et maintenant ?<\/h1>\n<p>[\/vc_column_text][\/vc_column][\/vc_row][vc_row][vc_column width=\u00a0\u00bb1\/4&Prime;][vc_column_text]<\/p>\n<h3 style=\"text-align: center;\">Voir<\/h3>\n<p>[\/vc_column_text][vc_single_image image=\u00a0\u00bb2150&Prime; img_size=\u00a0\u00bbmedium\u00a0\u00bb css=\u00a0\u00bb.vc_custom_1771337064744{border-top-width: 1px !important;border-right-width: 1px !important;border-bottom-width: 1px !important;border-left-width: 1px !important;border-left-color: #000000 !important;border-left-style: solid !important;border-right-color: #000000 !important;border-right-style: solid !important;border-top-color: #000000 !important;border-top-style: solid !important;border-bottom-color: #000000 !important;border-bottom-style: solid !important;}\u00a0\u00bb][vc_empty_space height=\u00a0\u00bb0&Prime;][vc_btn title=\u00a0\u00bbPortfolio\u00a0\u00bb style=\u00a0\u00bbflat\u00a0\u00bb shape=\u00a0\u00bbround\u00a0\u00bb align=\u00a0\u00bbcenter\u00a0\u00bb i_type=\u00a0\u00bbopeniconic\u00a0\u00bb i_icon_openiconic=\u00a0\u00bbvc-oi vc-oi-eye\u00a0\u00bb add_icon=\u00a0\u00bbtrue\u00a0\u00bb link=\u00a0\u00bburl:https%3A%2F%2Fcarnetgouache.com%2Fmasonry-portfolio%2F|title:Portfolio\u00a0\u00bb][vc_column_text]Entrer dans mon atelier<br data-start=\"1313\" data-end=\"1316\" \/>Les peintures r\u00e9alis\u00e9es sur le terrain.[\/vc_column_text][\/vc_column][vc_column width=\u00a0\u00bb1\/4&Prime;][vc_column_text]<\/p>\n<h3 style=\"text-align: center;\">Comprendre<\/h3>\n<p>[\/vc_column_text][vc_single_image image=\u00a0\u00bb2138&Prime; img_size=\u00a0\u00bbmedium\u00a0\u00bb css=\u00a0\u00bb.vc_custom_1771346095496{border-top-width: 1px !important;border-right-width: 1px !important;border-bottom-width: 1px !important;border-left-width: 1px !important;border-left-color: #000000 !important;border-left-style: solid !important;border-right-color: #000000 !important;border-right-style: solid !important;border-top-color: #000000 !important;border-top-style: solid !important;border-bottom-color: #000000 !important;border-bottom-style: solid !important;}\u00a0\u00bb][vc_empty_space height=\u00a0\u00bb0&Prime;][vc_btn title=\u00a0\u00bbVid\u00e9os\u00a0\u00bb style=\u00a0\u00bbflat\u00a0\u00bb shape=\u00a0\u00bbround\u00a0\u00bb align=\u00a0\u00bbcenter\u00a0\u00bb i_type=\u00a0\u00bbtypicons\u00a0\u00bb i_icon_typicons=\u00a0\u00bbtypcn typcn-eye\u00a0\u00bb add_icon=\u00a0\u00bbtrue\u00a0\u00bb link=\u00a0\u00bburl:https%3A%2F%2Fcarnetgouache.com%2Fmes-videos%2F|title:Mes%20vid%C3%A9os\u00a0\u00bb][vc_column_text]Observer le processus<br data-start=\"594\" data-end=\"597\" \/>Comment une peinture prend forme, \u00e9tape par \u00e9tape[\/vc_column_text][\/vc_column][vc_column width=\u00a0\u00bb1\/4&Prime;][vc_column_text]<\/p>\n<h3 style=\"text-align: center;\">Tester<\/h3>\n<p>[\/vc_column_text][vc_single_image image=\u00a0\u00bb2149&Prime; img_size=\u00a0\u00bbmedium\u00a0\u00bb css=\u00a0\u00bb.vc_custom_1771336627249{border-top-width: 1px !important;border-right-width: 1px !important;border-bottom-width: 1px !important;border-left-width: 1px !important;border-left-color: #000000 !important;border-left-style: solid !important;border-right-color: #000000 !important;border-right-style: solid !important;border-top-color: #000000 !important;border-top-style: solid !important;border-bottom-color: #000000 !important;border-bottom-style: solid !important;}\u00a0\u00bb][vc_empty_space height=\u00a0\u00bb0&Prime;][vc_btn title=\u00a0\u00bbM\u00e9langeur\u00a0\u00bb style=\u00a0\u00bbflat\u00a0\u00bb shape=\u00a0\u00bbround\u00a0\u00bb align=\u00a0\u00bbcenter\u00a0\u00bb i_type=\u00a0\u00bbopeniconic\u00a0\u00bb i_icon_openiconic=\u00a0\u00bbvc-oi vc-oi-pencil-alt\u00a0\u00bb add_icon=\u00a0\u00bbtrue\u00a0\u00bb link=\u00a0\u00bburl:https%3A%2F%2Fcarnetgouache.com%2Fsimulateur-de-melange-de-couleurs%2F|title:Simulateur%20de%20m%C3%A9lange%20de%20couleurs\u00a0\u00bb][vc_column_text]Trouver le bon m\u00e9lange<br data-start=\"786\" data-end=\"789\" \/>Obtenez des recettes pr\u00e9cises en quelques secondes.[\/vc_column_text][\/vc_column][vc_column width=\u00a0\u00bb1\/4&Prime;][vc_column_text]<\/p>\n<h3 style=\"text-align: center;\">Faire<\/h3>\n<p>[\/vc_column_text][vc_single_image image=\u00a0\u00bb2167&Prime; img_size=\u00a0\u00bbmedium\u00a0\u00bb css=\u00a0\u00bb.vc_custom_1771349069855{border-top-width: 1px !important;border-right-width: 1px !important;border-bottom-width: 1px !important;border-left-width: 1px !important;border-left-color: #757575 !important;border-left-style: solid !important;border-right-color: #757575 !important;border-right-style: solid !important;border-top-color: #757575 !important;border-top-style: solid !important;border-bottom-color: #757575 !important;border-bottom-style: solid !important;}\u00a0\u00bb][vc_empty_space height=\u00a0\u00bb0&Prime;][vc_btn title=\u00a0\u00bbLives\u00a0\u00bb style=\u00a0\u00bbflat\u00a0\u00bb shape=\u00a0\u00bbround\u00a0\u00bb color=\u00a0\u00bbdefault\u00a0\u00bb align=\u00a0\u00bbcenter\u00a0\u00bb i_type=\u00a0\u00bbopeniconic\u00a0\u00bb i_icon_openiconic=\u00a0\u00bbvc-oi vc-oi-eye\u00a0\u00bb add_icon=\u00a0\u00bbtrue\u00a0\u00bb][vc_column_text]<\/p>\n<h3>Bient\u00f4t disponible<\/h3>\n<p>Des lives avec des<br data-start=\"916\" data-end=\"919\" \/>d\u00e9monstration compl\u00e8te et \u00e9changes en direct.[\/vc_column_text][\/vc_column][\/vc_row]<\/p>\n<\/div>","protected":false},"excerpt":{"rendered":"<p>[vc_row][vc_column][vc_column_text] Ce test vous ressemble-t-il ? Une note honn\u00eate, m\u00eame critique, nous aide vraiment.[\/vc_column_text][vc_raw_html]JTVCY2dfcmF0aW5nX2Zvcm0lNUQ=[\/vc_raw_html][vc_separator][vc_column_text] Et maintenant ? [\/vc_column_text][\/vc_column][\/vc_row][vc_row][vc_column width=\u00a0\u00bb1\/4&Prime;][vc_column_text] Voir [\/vc_column_text][vc_single_image image=\u00a0\u00bb2150&Prime; img_size=\u00a0\u00bbmedium\u00a0\u00bb css=\u00a0\u00bb.vc_custom_1771337064744{border-top-width: 1px !important;border-right-width: 1px !important;border-bottom-width: 1px !important;border-left-width: 1px !important;border-left-color: #000000 !important;border-left-style: solid !important;border-right-color: #000000 !important;border-right-style: solid !important;border-top-color: #000000 !important;border-top-style: solid !important;border-bottom-color: #000000 !important;border-bottom-style: solid !important;}\u00a0\u00bb][vc_empty_space height=\u00a0\u00bb0&Prime;][vc_btn title=\u00a0\u00bbPortfolio\u00a0\u00bb style=\u00a0\u00bbflat\u00a0\u00bb shape=\u00a0\u00bbround\u00a0\u00bb align=\u00a0\u00bbcenter\u00a0\u00bb i_type=\u00a0\u00bbopeniconic\u00a0\u00bb i_icon_openiconic=\u00a0\u00bbvc-oi &#8230;<a class=\"r_more_blog\" href=\"https:\/\/carnetgouache.com\/en\/et-maintenant\/#more-2127\"><i class=\"fa fa-sign-in\"><\/i> read more<\/a><\/p>","protected":false},"author":1,"featured_media":0,"parent":0,"menu_order":0,"comment_status":"closed","ping_status":"closed","template":"","meta":{"footnotes":""},"categories":[],"class_list":["post-2127","page","type-page","status-publish","hentry"],"_links":{"self":[{"href":"https:\/\/carnetgouache.com\/en\/wp-json\/wp\/v2\/pages\/2127","targetHints":{"allow":["GET"]}}],"collection":[{"href":"https:\/\/carnetgouache.com\/en\/wp-json\/wp\/v2\/pages"}],"about":[{"href":"https:\/\/carnetgouache.com\/en\/wp-json\/wp\/v2\/types\/page"}],"author":[{"embeddable":true,"href":"https:\/\/carnetgouache.com\/en\/wp-json\/wp\/v2\/users\/1"}],"replies":[{"embeddable":true,"href":"https:\/\/carnetgouache.com\/en\/wp-json\/wp\/v2\/comments?post=2127"}],"version-history":[{"count":39,"href":"https:\/\/carnetgouache.com\/en\/wp-json\/wp\/v2\/pages\/2127\/revisions"}],"predecessor-version":[{"id":2177,"href":"https:\/\/carnetgouache.com\/en\/wp-json\/wp\/v2\/pages\/2127\/revisions\/2177"}],"wp:attachment":[{"href":"https:\/\/carnetgouache.com\/en\/wp-json\/wp\/v2\/media?parent=2127"}],"wp:term":[{"taxonomy":"category","embeddable":true,"href":"https:\/\/carnetgouache.com\/en\/wp-json\/wp\/v2\/categories?post=2127"}],"curies":[{"name":"wp","href":"https:\/\/api.w.org\/{rel}","templated":true}]}}