{"id":3,"date":"2020-04-01T10:47:15","date_gmt":"2020-04-01T08:47:15","guid":{"rendered":"https:\/\/carnetgouache.com\/?page_id=3"},"modified":"2025-06-28T18:24:33","modified_gmt":"2025-06-28T16:24:33","slug":"mentions-legales","status":"publish","type":"page","link":"https:\/\/carnetgouache.com\/en\/mentions-legales\/","title":{"rendered":"legal notices"},"content":{"rendered":"<div class=\"wpb-content-wrapper\"><p>[vc_row][vc_column][vc_column_text]<\/p>\r\n<h2 class=\"wp-block-heading\" data-start=\"132\" data-end=\"202\"><strong data-start=\"138\" data-end=\"202\">legal notices<\/strong><\/h2>\r\n<hr data-start=\"204\" data-end=\"207\" \/>\r\n<h3 data-start=\"209\" data-end=\"228\">\u00c9diteur du site<\/h3>\r\n<p data-start=\"230\" data-end=\"562\">Ce site est \u00e9dit\u00e9 par un entrepreneur individuel domicili\u00e9 en France.<br data-start=\"299\" data-end=\"302\" \/><strong data-start=\"302\" data-end=\"309\">Nom<\/strong> : <em data-start=\"312\" data-end=\"345\">Identit\u00e9 disponible sur demande<\/em><br data-start=\"345\" data-end=\"348\" \/><strong data-start=\"348\" data-end=\"358\">Statut<\/strong> : Entrepreneur individuel (micro-entreprise)<br data-start=\"403\" data-end=\"406\" \/><strong data-start=\"406\" data-end=\"415\">SIRET<\/strong> : <em data-start=\"418\" data-end=\"449\">Num\u00e9ro disponible sur demande<\/em><br data-start=\"449\" data-end=\"452\" \/><strong data-start=\"452\" data-end=\"463\">Contact<\/strong> : [adresse e-mail de contact]<br data-start=\"493\" data-end=\"496\" \/><strong data-start=\"496\" data-end=\"526\">Responsable de publication<\/strong> : <em data-start=\"529\" data-end=\"562\">Identit\u00e9 disponible sur demande<\/em><\/p>\r\n<hr data-start=\"564\" data-end=\"567\" \/>\r\n<h3 data-start=\"569\" data-end=\"590\">H\u00e9bergeur du site<\/h3>\r\n<p data-start=\"592\" data-end=\"806\"><strong data-start=\"592\" data-end=\"599\">Nom<\/strong> : OVH SAS<br data-start=\"609\" data-end=\"612\" \/><strong data-start=\"612\" data-end=\"623\">Adresse<\/strong> : 2 rue Kellermann, 59100 Roubaix \u2013 France<br data-start=\"666\" data-end=\"669\" \/><strong data-start=\"669\" data-end=\"681\">Site web<\/strong> : <a class=\"\" href=\"https:\/\/www.ovhcloud.com\" target=\"_new\" rel=\"noopener\" data-start=\"684\" data-end=\"736\">https:\/\/www.ovhcloud.com<\/a><br data-start=\"736\" data-end=\"739\" \/><strong data-start=\"739\" data-end=\"752\">T\u00e9l\u00e9phone<\/strong> : 1007 (appel gratuit depuis un poste fixe en France)<\/p>\r\n<hr data-start=\"808\" data-end=\"811\" \/>\r\n<h3 data-start=\"813\" data-end=\"841\">Propri\u00e9t\u00e9 intellectuelle<\/h3>\r\n<p data-start=\"843\" data-end=\"1080\">L&rsquo;ensemble du contenu pr\u00e9sent sur ce site (textes, images, vid\u00e9os, graphismes, logo&#8230;) est prot\u00e9g\u00e9 par le Code de la propri\u00e9t\u00e9 intellectuelle.<br data-start=\"986\" data-end=\"989\" \/>Toute reproduction ou diffusion, m\u00eame partielle, est interdite sans autorisation pr\u00e9alable.<\/p>\r\n<hr data-start=\"1082\" data-end=\"1085\" \/>\r\n<h3 data-start=\"1087\" data-end=\"1111\">Donn\u00e9es personnelles<\/h3>\r\n<p data-start=\"1113\" data-end=\"1474\">Aucune donn\u00e9e personnelle n&rsquo;est collect\u00e9e sans votre consentement.<br data-start=\"1179\" data-end=\"1182\" \/>Les \u00e9ventuelles informations transmises via un formulaire de contact ne sont utilis\u00e9es que pour r\u00e9pondre \u00e0 vos demandes.<br data-start=\"1302\" data-end=\"1305\" \/>Aucune donn\u00e9e n\u2019est c\u00e9d\u00e9e \u00e0 des tiers.<br data-start=\"1343\" data-end=\"1346\" \/>Conform\u00e9ment au RGPD, vous pouvez exercer vos droits (acc\u00e8s, rectification, suppression) en contactant : [votre adresse e-mail].<\/p>\r\n<hr data-start=\"1476\" data-end=\"1479\" \/>\r\n<h3 data-start=\"1481\" data-end=\"1492\">Cookies<\/h3>\r\n<p data-start=\"1494\" data-end=\"1633\">Ce site peut utiliser des cookies techniques ou de mesure d\u2019audience.<br data-start=\"1563\" data-end=\"1566\" \/>Vous pouvez les d\u00e9sactiver dans les param\u00e8tres de votre navigateur.<\/p>\r\n<hr data-start=\"1635\" data-end=\"1638\" \/>\r\n<h3 data-start=\"1640\" data-end=\"1651\">Cr\u00e9dits<\/h3>\r\n<p data-start=\"1653\" data-end=\"1796\">Site con\u00e7u et \u00e9dit\u00e9 par un artiste ind\u00e9pendant.<br data-start=\"1700\" data-end=\"1703\" \/><a href=\"https:\/\/www.youtube.com\/@BeniThopGouache\">https:\/\/www.youtube.com\/@BeniThopGouache<\/a><\/p>\r\n\r\n<p>&nbsp;<\/p>\r\n<p>[\/vc_column_text][\/vc_column][\/vc_row]<\/p><\/div>","protected":false},"excerpt":{"rendered":"<p>[vc_row][vc_column][vc_column_text] Mentions l\u00e9gales \u00c9diteur du site Ce site est \u00e9dit\u00e9 par un entrepreneur individuel domicili\u00e9 en France.Nom : Identit\u00e9 disponible sur demandeStatut : Entrepreneur individuel (micro-entreprise)SIRET : Num\u00e9ro disponible sur demandeContact : [adresse e-mail de contact]Responsable de publication : Identit\u00e9 disponible sur demande H\u00e9bergeur du site Nom : OVH SASAdresse : 2 rue Kellermann, 59100 &#8230;<a class=\"r_more_blog\" href=\"https:\/\/carnetgouache.com\/en\/mentions-legales\/#more-3\"><i class=\"fa fa-sign-in\"><\/i> read more<\/a><\/p>","protected":false},"author":1,"featured_media":0,"parent":0,"menu_order":0,"comment_status":"closed","ping_status":"open","template":"","meta":{"footnotes":""},"categories":[],"class_list":["post-3","page","type-page","status-publish","hentry"],"_links":{"self":[{"href":"https:\/\/carnetgouache.com\/en\/wp-json\/wp\/v2\/pages\/3","targetHints":{"allow":["GET"]}}],"collection":[{"href":"https:\/\/carnetgouache.com\/en\/wp-json\/wp\/v2\/pages"}],"about":[{"href":"https:\/\/carnetgouache.com\/en\/wp-json\/wp\/v2\/types\/page"}],"author":[{"embeddable":true,"href":"https:\/\/carnetgouache.com\/en\/wp-json\/wp\/v2\/users\/1"}],"replies":[{"embeddable":true,"href":"https:\/\/carnetgouache.com\/en\/wp-json\/wp\/v2\/comments?post=3"}],"version-history":[{"count":3,"href":"https:\/\/carnetgouache.com\/en\/wp-json\/wp\/v2\/pages\/3\/revisions"}],"predecessor-version":[{"id":1831,"href":"https:\/\/carnetgouache.com\/en\/wp-json\/wp\/v2\/pages\/3\/revisions\/1831"}],"wp:attachment":[{"href":"https:\/\/carnetgouache.com\/en\/wp-json\/wp\/v2\/media?parent=3"}],"wp:term":[{"taxonomy":"category","embeddable":true,"href":"https:\/\/carnetgouache.com\/en\/wp-json\/wp\/v2\/categories?post=3"}],"curies":[{"name":"wp","href":"https:\/\/api.w.org\/{rel}","templated":true}]}}