{"id":520,"date":"2017-03-06T15:12:39","date_gmt":"2017-03-06T15:12:39","guid":{"rendered":"https:\/\/www.althemist.com\/zass\/?page_id=520"},"modified":"2025-11-03T17:54:42","modified_gmt":"2025-11-03T16:54:42","slug":"about-me","status":"publish","type":"page","link":"https:\/\/carnetgouache.com\/en\/about-me\/","title":{"rendered":"About me"},"content":{"rendered":"<div class=\"wpb-content-wrapper\"><p>[vc_row full_width=\u00a0\u00bbstretch_row\u00a0\u00bb css=\u00a0\u00bb.vc_custom_1708270780435{margin-bottom: 0px !important;padding-top: 80px !important;padding-bottom: 80px !important;background-color: #ffffff !important;}\u00a0\u00bb][vc_column][vc_row_inner content_placement=\u00a0\u00bbmiddle\u00a0\u00bb gap=\u00a0\u00bb35&Prime;][vc_column_inner width=\u00a0\u00bb1\/2&Prime;][vc_single_image image=\u00a0\u00bb1539&Prime; img_size=\u00a0\u00bbfull\u00a0\u00bb][\/vc_column_inner][vc_column_inner width=\u00a0\u00bb1\/2&Prime;][vc_column_text]<\/p>\n<p data-start=\"558\" data-end=\"799\">Je m\u2019appelle <strong data-start=\"571\" data-end=\"584\">Beni Thop<\/strong>. Graphiste de m\u00e9tier, peintre par besoin vital.<br data-start=\"632\" data-end=\"635\" \/>Apr\u00e8s des ann\u00e9es pass\u00e9es dans l\u2019univers lisse de l\u2019image num\u00e9rique, j\u2019ai \u00e9prouv\u00e9 le besoin de retrouver le contact direct avec la mati\u00e8re, la lumi\u00e8re, le geste.<\/p>\n<p data-start=\"806\" data-end=\"1049\">C\u2019est ainsi que je suis revenu \u00e0 la <strong data-start=\"842\" data-end=\"853\">gouache<\/strong> \u2014 un m\u00e9dium modeste, exigeant, rapide, et terriblement sinc\u00e8re. Elle me permet de capter sur le vif ce que je vois, ce que je sens : un ciel changeant, une fa\u00e7ade \u00e9clair\u00e9e, un coin de campagne.<\/p>\n<p data-start=\"1056\" data-end=\"1156\">Je peins <strong data-start=\"1065\" data-end=\"1081\">sur le motif<\/strong>, souvent en plein air, pour saisir l\u2019instant avant qu\u2019il ne disparaisse.<\/p>\n<p data-start=\"1163\" data-end=\"1290\">La gouache m\u2019a offert ce que le graphisme avait fini par m\u2019\u00f4ter : la libert\u00e9 du geste et la joie simple de cr\u00e9er sans filtre.<\/p>\n<p data-start=\"1297\" data-end=\"1406\">\u00c0 travers mes tableaux, je partage ce retour \u00e0 l\u2019essentiel \u2014 la lumi\u00e8re, la France, et le plaisir de peindre.<\/p>\n<p>[\/vc_column_text][\/vc_column_inner][\/vc_row_inner][\/vc_column][\/vc_row][vc_row full_width=\u00a0\u00bbstretch_row\u00a0\u00bb css=\u00a0\u00bb.vc_custom_1488813913313{margin-bottom: 0px !important;padding-top: 80px !important;padding-bottom: 80px !important;}\u00a0\u00bb][vc_column][vc_column_text css=\u00a0\u00bb.vc_custom_1708274742125{margin-bottom: 60px !important;}\u00a0\u00bb]<\/p>\n<h2 style=\"text-align: center;\">Mes derniers travaux<\/h2>\n<p>[\/vc_column_text]                \t\t\t<div class=\"zass-portfolio-shortcode\">\n\t\t\t\t\t\t\t\t<div id=\"latest_projects69e0554ee3726\"  class=\"owl-carousel zass-owl-carousel\" >\n\t\t\t\t\n\t\t\t\t\t\t\t\t\t\t\t\t\t\t\t\t\t\t\t<div class=\"portfolio-unit portfolio-col-3 zass-none-overlay nature-morte zass-10px-gap grid-unit\">\n\t\t\t\t\t\t<div class=\"portfolio-unit-holder\">\n\t\t\t\t\t\t\t<!-- LIST -->\n\t\t\t\t\t\t\t\t\t\t\t\t\t\t\t\t\t\t\t\t\t\t\t\t<img loading=\"lazy\" decoding=\"async\" width=\"550\" height=\"550\" src=\"https:\/\/carnetgouache.com\/wp-content\/uploads\/2020\/05\/A5-01-550x550.jpg\" class=\"attachment-zass-portfolio-category-thumb size-zass-portfolio-category-thumb wp-post-image\" alt=\"Nature morte repr\u00e9sentant de l\u2019ail et des \u00e9chalotes peints \u00e0 la gouache, dans une lumi\u00e8re douce.\" srcset=\"https:\/\/carnetgouache.com\/wp-content\/uploads\/2020\/05\/A5-01-550x550.jpg 550w, https:\/\/carnetgouache.com\/wp-content\/uploads\/2020\/05\/A5-01-150x150.jpg 150w, https:\/\/carnetgouache.com\/wp-content\/uploads\/2020\/05\/A5-01-800x800.jpg 800w, https:\/\/carnetgouache.com\/wp-content\/uploads\/2020\/05\/A5-01-400x400.jpg 400w, https:\/\/carnetgouache.com\/wp-content\/uploads\/2020\/05\/A5-01-100x100.jpg 100w, https:\/\/carnetgouache.com\/wp-content\/uploads\/2020\/05\/A5-01-60x60.jpg 60w\" sizes=\"auto, (max-width: 550px) 100vw, 550px\" \/>\t\t\t\t\t\t\t\t\t\t\t\t\t\t\t\t<div class=\"portfolio-unit-info\">\n\t\t\t\t\t\t\t\t\t<a title=\"View project\" href=\"https:\/\/carnetgouache.com\/en\/portfolios\/ail-et-echalotes-nature-morte-a-la-gouache\/\" class=\"portfolio-link\">\n\t\t\t\t\t\t\t\t\t\t<small>3 November 2025<\/small>\n\t\t\t\t\t\t\t\t\t\t<h4>Ail et \u00e9chalotes \u2013 Nature morte \u00e0 la gouache<\/h4>\n\t\t\t\t\t\t\t\t\t\t\t\t\t\t\t\t\t\t\t\t\t<h6>natures mortes<\/h6>\n\t\t\t\t\t\t\t\t\t\t\t\t\t\t\t\t\t\t\t<\/a>\n\t\t\t\t\t\t\t\t\t\t\t\t\t\t\t\t\t\t\t<a class=\"portfolio-lightbox-link\" href=\"https:\/\/carnetgouache.com\/wp-content\/uploads\/2020\/05\/A5-01.jpg\"><span><\/span><\/a>\n\t\t\t\t\t\t\t\t\t\t\t\t\t\t\t\t\t<\/div>\n\t\t\t\t\t\t\t\t\t\t\t\t\t<\/div>\n\t\t\t\t\t<\/div>\n\t\t\t\t\t\t\t\t\t\t\t\t\t\t\t\t\t\t\t<div class=\"portfolio-unit portfolio-col-3 zass-none-overlay bord-de-seine peinture-plein-air zass-10px-gap grid-unit\">\n\t\t\t\t\t\t<div class=\"portfolio-unit-holder\">\n\t\t\t\t\t\t\t<!-- LIST -->\n\t\t\t\t\t\t\t\t\t\t\t\t\t\t\t\t\t\t\t\t\t\t\t\t<img loading=\"lazy\" decoding=\"async\" width=\"550\" height=\"550\" src=\"https:\/\/carnetgouache.com\/wp-content\/uploads\/2025\/11\/Pont-darcoleRVB-550x550.jpg\" class=\"attachment-zass-portfolio-category-thumb size-zass-portfolio-category-thumb wp-post-image\" alt=\"Gouache repr\u00e9sentant le Pont d\u2019Arcole vu depuis l\u2019\u00cele Saint-Louis \u00e0 Paris, sous une lumi\u00e8re matinale.\" srcset=\"https:\/\/carnetgouache.com\/wp-content\/uploads\/2025\/11\/Pont-darcoleRVB-550x550.jpg 550w, https:\/\/carnetgouache.com\/wp-content\/uploads\/2025\/11\/Pont-darcoleRVB-150x150.jpg 150w, https:\/\/carnetgouache.com\/wp-content\/uploads\/2025\/11\/Pont-darcoleRVB-800x800.jpg 800w, https:\/\/carnetgouache.com\/wp-content\/uploads\/2025\/11\/Pont-darcoleRVB-400x400.jpg 400w, https:\/\/carnetgouache.com\/wp-content\/uploads\/2025\/11\/Pont-darcoleRVB-100x100.jpg 100w, https:\/\/carnetgouache.com\/wp-content\/uploads\/2025\/11\/Pont-darcoleRVB-60x60.jpg 60w\" sizes=\"auto, (max-width: 550px) 100vw, 550px\" \/>\t\t\t\t\t\t\t\t\t\t\t\t\t\t\t\t<div class=\"portfolio-unit-info\">\n\t\t\t\t\t\t\t\t\t<a title=\"View project\" href=\"https:\/\/carnetgouache.com\/en\/portfolios\/le-pont-darcole-depuis-lile-saint-louis-paris\/\" class=\"portfolio-link\">\n\t\t\t\t\t\t\t\t\t\t<small>3 November 2025<\/small>\n\t\t\t\t\t\t\t\t\t\t<h4>Le Pont d\u2019Arcole depuis l\u2019\u00cele Saint-Louis \u2013 Paris<\/h4>\n\t\t\t\t\t\t\t\t\t\t\t\t\t\t\t\t\t\t\t\t\t<h6>Bord de Seine \/ Paris<\/h6>\n\t\t\t\t\t\t\t\t\t\t\t\t\t\t\t\t\t\t\t<\/a>\n\t\t\t\t\t\t\t\t\t\t\t\t\t\t\t\t\t\t\t<a class=\"portfolio-lightbox-link\" href=\"https:\/\/carnetgouache.com\/wp-content\/uploads\/2025\/11\/Pont-darcoleRVB.jpg\"><span><\/span><\/a>\n\t\t\t\t\t\t\t\t\t\t\t\t\t\t\t\t\t<\/div>\n\t\t\t\t\t\t\t\t\t\t\t\t\t<\/div>\n\t\t\t\t\t<\/div>\n\t\t\t\t\t\t\t\t\t\t\t\t\t\t\t\t\t\t\t<div class=\"portfolio-unit portfolio-col-3 zass-none-overlay normandie paysage zass-10px-gap grid-unit\">\n\t\t\t\t\t\t<div class=\"portfolio-unit-holder\">\n\t\t\t\t\t\t\t<!-- LIST -->\n\t\t\t\t\t\t\t\t\t\t\t\t\t\t\t\t\t\t\t\t\t\t\t\t<img loading=\"lazy\" decoding=\"async\" width=\"550\" height=\"550\" src=\"https:\/\/carnetgouache.com\/wp-content\/uploads\/2025\/11\/NormandieRVB-550x550.jpg\" class=\"attachment-zass-portfolio-category-thumb size-zass-portfolio-category-thumb wp-post-image\" alt=\"Gouache repr\u00e9sentant un sous-bois lumineux \u00e0 Saint-Michel-des-Loups, en Normandie.\" srcset=\"https:\/\/carnetgouache.com\/wp-content\/uploads\/2025\/11\/NormandieRVB-550x550.jpg 550w, https:\/\/carnetgouache.com\/wp-content\/uploads\/2025\/11\/NormandieRVB-150x150.jpg 150w, https:\/\/carnetgouache.com\/wp-content\/uploads\/2025\/11\/NormandieRVB-800x800.jpg 800w, https:\/\/carnetgouache.com\/wp-content\/uploads\/2025\/11\/NormandieRVB-400x400.jpg 400w, https:\/\/carnetgouache.com\/wp-content\/uploads\/2025\/11\/NormandieRVB-100x100.jpg 100w, https:\/\/carnetgouache.com\/wp-content\/uploads\/2025\/11\/NormandieRVB-60x60.jpg 60w\" sizes=\"auto, (max-width: 550px) 100vw, 550px\" \/>\t\t\t\t\t\t\t\t\t\t\t\t\t\t\t\t<div class=\"portfolio-unit-info\">\n\t\t\t\t\t\t\t\t\t<a title=\"View project\" href=\"https:\/\/carnetgouache.com\/en\/portfolios\/sous-les-arbres-saint-michel-des-loups-normandie\/\" class=\"portfolio-link\">\n\t\t\t\t\t\t\t\t\t\t<small>3 November 2025<\/small>\n\t\t\t\t\t\t\t\t\t\t<h4>Sous les arbres \u2013 Saint-Michel-des-Loups, Normandie<\/h4>\n\t\t\t\t\t\t\t\t\t\t\t\t\t\t\t\t\t\t\t\t\t<h6>Normandie \/ Paysage<\/h6>\n\t\t\t\t\t\t\t\t\t\t\t\t\t\t\t\t\t\t\t<\/a>\n\t\t\t\t\t\t\t\t\t\t\t\t\t\t\t\t\t\t\t<a class=\"portfolio-lightbox-link\" href=\"https:\/\/carnetgouache.com\/wp-content\/uploads\/2025\/11\/NormandieRVB.jpg\"><span><\/span><\/a>\n\t\t\t\t\t\t\t\t\t\t\t\t\t\t\t\t\t<\/div>\n\t\t\t\t\t\t\t\t\t\t\t\t\t<\/div>\n\t\t\t\t\t<\/div>\n\t\t\t\t\t\t\t\t\t\t\t\t\t\t\t\t\t\t\t<div class=\"portfolio-unit portfolio-col-3 zass-none-overlay paysage zass-10px-gap grid-unit\">\n\t\t\t\t\t\t<div class=\"portfolio-unit-holder\">\n\t\t\t\t\t\t\t<!-- LIST -->\n\t\t\t\t\t\t\t\t\t\t\t\t\t\t\t\t\t\t\t\t\t\t\t\t<img loading=\"lazy\" decoding=\"async\" width=\"550\" height=\"550\" src=\"https:\/\/carnetgouache.com\/wp-content\/uploads\/2025\/11\/ChampsDeFleursRVB-550x550.jpg\" class=\"attachment-zass-portfolio-category-thumb size-zass-portfolio-category-thumb wp-post-image\" alt=\"Gouache repr\u00e9sentant un champ fleuri dans la campagne d\u2019\u00cele-de-France, sous un ciel clair.\" srcset=\"https:\/\/carnetgouache.com\/wp-content\/uploads\/2025\/11\/ChampsDeFleursRVB-550x550.jpg 550w, https:\/\/carnetgouache.com\/wp-content\/uploads\/2025\/11\/ChampsDeFleursRVB-150x150.jpg 150w, https:\/\/carnetgouache.com\/wp-content\/uploads\/2025\/11\/ChampsDeFleursRVB-400x400.jpg 400w, https:\/\/carnetgouache.com\/wp-content\/uploads\/2025\/11\/ChampsDeFleursRVB-100x100.jpg 100w, https:\/\/carnetgouache.com\/wp-content\/uploads\/2025\/11\/ChampsDeFleursRVB-60x60.jpg 60w\" sizes=\"auto, (max-width: 550px) 100vw, 550px\" \/>\t\t\t\t\t\t\t\t\t\t\t\t\t\t\t\t<div class=\"portfolio-unit-info\">\n\t\t\t\t\t\t\t\t\t<a title=\"View project\" href=\"https:\/\/carnetgouache.com\/en\/portfolios\/champ-de-fleurs-campagne-dile-de-france\/\" class=\"portfolio-link\">\n\t\t\t\t\t\t\t\t\t\t<small>3 November 2025<\/small>\n\t\t\t\t\t\t\t\t\t\t<h4>Champ de fleurs \u2013 Campagne d\u2019\u00cele-de-France<\/h4>\n\t\t\t\t\t\t\t\t\t\t\t\t\t\t\t\t\t\t\t\t\t<h6>Paysage<\/h6>\n\t\t\t\t\t\t\t\t\t\t\t\t\t\t\t\t\t\t\t<\/a>\n\t\t\t\t\t\t\t\t\t\t\t\t\t\t\t\t\t\t\t<a class=\"portfolio-lightbox-link\" href=\"https:\/\/carnetgouache.com\/wp-content\/uploads\/2025\/11\/ChampsDeFleursRVB.jpg\"><span><\/span><\/a>\n\t\t\t\t\t\t\t\t\t\t\t\t\t\t\t\t\t<\/div>\n\t\t\t\t\t\t\t\t\t\t\t\t\t<\/div>\n\t\t\t\t\t<\/div>\n\t\t\t\t\n\t\t\t\t\n\t\t\t\t\t\t\t\t<\/div>\n\t\t\t\t<div class=\"clear\"><\/div>\n\t\t\t\t\t\t\t<\/div>\n\t\t\t[\/vc_column][\/vc_row]<\/p>\n<\/div>","protected":false},"excerpt":{"rendered":"<p>[vc_row full_width=\u00a0\u00bbstretch_row\u00a0\u00bb css=\u00a0\u00bb.vc_custom_1708270780435{margin-bottom: 0px !important;padding-top: 80px !important;padding-bottom: 80px !important;background-color: #ffffff !important;}\u00a0\u00bb][vc_column][vc_row_inner content_placement=\u00a0\u00bbmiddle\u00a0\u00bb gap=\u00a0\u00bb35&Prime;][vc_column_inner width=\u00a0\u00bb1\/2&Prime;][vc_single_image image=\u00a0\u00bb1539&Prime; img_size=\u00a0\u00bbfull\u00a0\u00bb][\/vc_column_inner][vc_column_inner width=\u00a0\u00bb1\/2&Prime;][vc_column_text] Je m\u2019appelle Beni Thop. Graphiste de m\u00e9tier, peintre par besoin vital.Apr\u00e8s des ann\u00e9es pass\u00e9es dans l\u2019univers lisse de l\u2019image num\u00e9rique, j\u2019ai \u00e9prouv\u00e9 le besoin de retrouver le contact direct avec la mati\u00e8re, la lumi\u00e8re, le geste. C\u2019est ainsi &#8230;<a class=\"r_more_blog\" href=\"https:\/\/carnetgouache.com\/en\/portfolios\/champ-de-fleurs-campagne-dile-de-france\/#more-1944\"><i class=\"fa fa-sign-in\"><\/i> read more<\/a><\/p>","protected":false},"author":1,"featured_media":0,"parent":0,"menu_order":0,"comment_status":"closed","ping_status":"closed","template":"","meta":{"footnotes":""},"categories":[],"class_list":["post-520","page","type-page","status-publish","hentry"],"_links":{"self":[{"href":"https:\/\/carnetgouache.com\/en\/wp-json\/wp\/v2\/pages\/520","targetHints":{"allow":["GET"]}}],"collection":[{"href":"https:\/\/carnetgouache.com\/en\/wp-json\/wp\/v2\/pages"}],"about":[{"href":"https:\/\/carnetgouache.com\/en\/wp-json\/wp\/v2\/types\/page"}],"author":[{"embeddable":true,"href":"https:\/\/carnetgouache.com\/en\/wp-json\/wp\/v2\/users\/1"}],"replies":[{"embeddable":true,"href":"https:\/\/carnetgouache.com\/en\/wp-json\/wp\/v2\/comments?post=520"}],"version-history":[{"count":6,"href":"https:\/\/carnetgouache.com\/en\/wp-json\/wp\/v2\/pages\/520\/revisions"}],"predecessor-version":[{"id":1958,"href":"https:\/\/carnetgouache.com\/en\/wp-json\/wp\/v2\/pages\/520\/revisions\/1958"}],"wp:attachment":[{"href":"https:\/\/carnetgouache.com\/en\/wp-json\/wp\/v2\/media?parent=520"}],"wp:term":[{"taxonomy":"category","embeddable":true,"href":"https:\/\/carnetgouache.com\/en\/wp-json\/wp\/v2\/categories?post=520"}],"curies":[{"name":"wp","href":"https:\/\/api.w.org\/{rel}","templated":true}]}}